{"id":70,"date":"2019-05-22T14:56:15","date_gmt":"2019-05-22T12:56:15","guid":{"rendered":"http:\/\/ecole-saintroch.com\/?page_id=70"},"modified":"2020-12-04T12:53:52","modified_gmt":"2020-12-04T11:53:52","slug":"eveil-a-la-foi","status":"publish","type":"page","link":"https:\/\/ecole-saintroch.com\/index.php\/eveil-a-la-foi\/","title":{"rendered":"L&rsquo;\u00e9veil \u00e0 la foi et la cat\u00e9ch\u00e8se"},"content":{"rendered":"\n<h1>L&rsquo;enseignement religieux<\/h1>\n\n\n\n<p>La culture religieuse est propos\u00e9es \u00e0 tous les \u00e9l\u00e8ves dans le cadre de l&rsquo;enseignement. Elle est coordonn\u00e9es par Sabrina Etienne &#8211; Le Gourrierec, animatrice en pastorale scolaire. <\/p>\n\n\n\n<h2>L&rsquo;\u00e9veil \u00e0 la foi<\/h2>\n\n\n\n<p>Les enfants des classes maternelles et primaires ont un temps d&rsquo;\u00e9veil \u00e0 la foi r\u00e9gulier. Des parents b\u00e9n\u00e9voles interviennent dans les classes, pendant le temps scolaire, en pr\u00e9sence de l&rsquo;enseignante.<\/p>\n\n\n\n<p>Les parents sont invit\u00e9s \u00e0 accompagner leur(s) enfant(s) pour venir f\u00eater No\u00ebl et P\u00e2ques au cours de c\u00e9l\u00e9brations \u00e0 l&rsquo;\u00e9glise Saint Vincent. Elles sont anim\u00e9es par le P\u00e8re Claude Petit, notre pr\u00eatre r\u00e9f\u00e9rent.<\/p>\n\n\n\n<h2>La cat\u00e9ch\u00e8se<\/h2>\n\n\n\n<p>La cat\u00e9ch\u00e8se est propos\u00e9e aux familles qui souhaitent s&rsquo;engager davantage dans le chemin de la foi et de la pri\u00e8re. Les enfants de CE2, CM1 et CM2 sont r\u00e9partis en petits groupes sur le temps scolaire chaque semaine.<\/p>\n\n\n\n<p>Elle est assur\u00e9e par des cat\u00e9chistes de la paroisse Saint Martin du Littoral ou des mamans form\u00e9es.<\/p>\n\n\n\n<p>Cela implique un engagement et une participation des familles lors des temps forts de la vie de la paroisse.<\/p>\n\n\n\n<p>La cat\u00e9ch\u00e8se est ouverte aux enfants ayant re\u00e7u ou non le bapt\u00eame.<\/p>\n\n\n\n<h2>Sabrina, notre animatrice en pastorale scolaire<\/h2>\n\n\n\n<p>Sabrina Etienne &#8211; Le Gourrierec est l&rsquo;interlocutrice privil\u00e9gi\u00e9e entre l&rsquo;\u00e9cole et la paroisse.<\/p>\n\n\n\n<p>Son r\u00f4le est multiple : <\/p>\n\n\n\n<ul><li>elle recrute les cat\u00e9chistes ;<\/li><li>elle anime l&rsquo;\u00e9quipe des cat\u00e9chistes et des animateurs b\u00e9n\u00e9voles des diff\u00e9rents groupes ;<\/li><li>elle pr\u00e9pare les diff\u00e9rentes propositions de cat\u00e9ch\u00e8se ;<\/li><li>elle pr\u00e9pare et animer les c\u00e9l\u00e9brations ;<\/li><li>elle organise les temps forts de l&rsquo;ann\u00e9e lithurgique ;<\/li><li>elle assure l&rsquo;information de toute la communaut\u00e9 \u00e9ducative et les relations avec le dioc\u00e8se, les paroisses et autres instances eccl\u00e9siales.<\/li><\/ul>\n\n\n\n<p>Pour en savoir plus, vous pouvez consulter le blog de Sabrina intitul\u00e9 <em>La pastorale de l&rsquo;\u00e9cole Saint Roch<\/em> <a href=\"http:\/\/pastoralestroch.canalblog.com\/\">http:\/\/pastoralestroch.canalblog.com\/<\/a><\/p>\n","protected":false},"excerpt":{"rendered":"<p>L&rsquo;enseignement religieux La culture religieuse est propos\u00e9es \u00e0 tous les \u00e9l\u00e8ves dans le cadre de l&rsquo;enseignement. Elle est coordonn\u00e9es par Sabrina Etienne &#8211; Le Gourrierec, animatrice en pastorale scolaire. L&rsquo;\u00e9veil \u00e0 la foi Les enfants des classes maternelles et primaires ont un temps d&rsquo;\u00e9veil \u00e0 la foi r\u00e9gulier. Des parents b\u00e9n\u00e9voles interviennent dans les classes, [&hellip;]<\/p>\n","protected":false},"author":1,"featured_media":0,"parent":0,"menu_order":0,"comment_status":"closed","ping_status":"closed","template":"","meta":[],"_links":{"self":[{"href":"https:\/\/ecole-saintroch.com\/index.php\/wp-json\/wp\/v2\/pages\/70"}],"collection":[{"href":"https:\/\/ecole-saintroch.com\/index.php\/wp-json\/wp\/v2\/pages"}],"about":[{"href":"https:\/\/ecole-saintroch.com\/index.php\/wp-json\/wp\/v2\/types\/page"}],"author":[{"embeddable":true,"href":"https:\/\/ecole-saintroch.com\/index.php\/wp-json\/wp\/v2\/users\/1"}],"replies":[{"embeddable":true,"href":"https:\/\/ecole-saintroch.com\/index.php\/wp-json\/wp\/v2\/comments?post=70"}],"version-history":[{"count":14,"href":"https:\/\/ecole-saintroch.com\/index.php\/wp-json\/wp\/v2\/pages\/70\/revisions"}],"predecessor-version":[{"id":399,"href":"https:\/\/ecole-saintroch.com\/index.php\/wp-json\/wp\/v2\/pages\/70\/revisions\/399"}],"wp:attachment":[{"href":"https:\/\/ecole-saintroch.com\/index.php\/wp-json\/wp\/v2\/media?parent=70"}],"curies":[{"name":"wp","href":"https:\/\/api.w.org\/{rel}","templated":true}]}}