{"id":7,"date":"2019-05-21T17:56:27","date_gmt":"2019-05-21T15:56:27","guid":{"rendered":"http:\/\/ecole-saintroch.com\/?page_id=7"},"modified":"2020-11-26T17:14:30","modified_gmt":"2020-11-26T16:14:30","slug":"7-2","status":"publish","type":"page","link":"https:\/\/ecole-saintroch.com\/","title":{"rendered":"Bienvenue sur le site de l&rsquo;\u00e9cole Saint Roch"},"content":{"rendered":"\n<p>Situ\u00e9e en centre-ville du Havre, l&rsquo;\u00e9cole Saint Roch est un \u00e9tablissement catholique d\u2019enseignement pr\u00e9-\u00e9l\u00e9mentaire et primaire sous contrat avec l\u2019\u00e9tat. <\/p>\n\n\n\n<p>L\u2019\u00e9cole Saint Roch se compose de 5 classes maternelles et de 10 classes primaires (2 par niveau). Toutes les classes sont mixtes. L\u2019\u00e9cole se veut ouverte \u00e0 tous, sans distinction d\u2019origine, de ressources, d\u2019opinions et de croyances.<\/p>\n\n\n\n<figure class=\"wp-block-gallery columns-3 is-cropped\"><ul class=\"blocks-gallery-grid\"><li class=\"blocks-gallery-item\"><figure><img loading=\"lazy\" width=\"816\" height=\"655\" src=\"http:\/\/ecole-saintroch.com\/wp-content\/uploads\/2020\/11\/hall.jpg\" alt=\"Ecole Saint Roch - Le hall\" data-id=\"312\" data-full-url=\"http:\/\/ecole-saintroch.com\/wp-content\/uploads\/2020\/11\/hall.jpg\" data-link=\"http:\/\/ecole-saintroch.com\/hall\/\" class=\"wp-image-312\" srcset=\"https:\/\/ecole-saintroch.com\/wp-content\/uploads\/2020\/11\/hall.jpg 816w, https:\/\/ecole-saintroch.com\/wp-content\/uploads\/2020\/11\/hall-300x241.jpg 300w, https:\/\/ecole-saintroch.com\/wp-content\/uploads\/2020\/11\/hall-768x616.jpg 768w, https:\/\/ecole-saintroch.com\/wp-content\/uploads\/2020\/11\/hall-705x566.jpg 705w, https:\/\/ecole-saintroch.com\/wp-content\/uploads\/2020\/11\/hall-450x361.jpg 450w\" sizes=\"(max-width: 816px) 100vw, 816px\" \/><\/figure><\/li><li class=\"blocks-gallery-item\"><figure><img loading=\"lazy\" width=\"1024\" height=\"769\" src=\"http:\/\/ecole-saintroch.com\/wp-content\/uploads\/2019\/05\/telethon_mat_08-1024x769.jpg\" alt=\"\" data-id=\"220\" data-full-url=\"http:\/\/ecole-saintroch.com\/wp-content\/uploads\/2019\/05\/telethon_mat_08.jpg\" data-link=\"http:\/\/ecole-saintroch.com\/telethon_mat_08\/\" class=\"wp-image-220\" srcset=\"https:\/\/ecole-saintroch.com\/wp-content\/uploads\/2019\/05\/telethon_mat_08-1024x769.jpg 1024w, https:\/\/ecole-saintroch.com\/wp-content\/uploads\/2019\/05\/telethon_mat_08-300x225.jpg 300w, https:\/\/ecole-saintroch.com\/wp-content\/uploads\/2019\/05\/telethon_mat_08-768x577.jpg 768w\" sizes=\"(max-width: 1024px) 100vw, 1024px\" \/><\/figure><\/li><li class=\"blocks-gallery-item\"><figure><img loading=\"lazy\" width=\"960\" height=\"720\" src=\"http:\/\/ecole-saintroch.com\/wp-content\/uploads\/2020\/11\/cour_jeux.jpg\" alt=\"\" data-id=\"314\" data-full-url=\"http:\/\/ecole-saintroch.com\/wp-content\/uploads\/2020\/11\/cour_jeux.jpg\" data-link=\"http:\/\/ecole-saintroch.com\/cour_jeux\/\" class=\"wp-image-314\" srcset=\"https:\/\/ecole-saintroch.com\/wp-content\/uploads\/2020\/11\/cour_jeux.jpg 960w, https:\/\/ecole-saintroch.com\/wp-content\/uploads\/2020\/11\/cour_jeux-300x225.jpg 300w, https:\/\/ecole-saintroch.com\/wp-content\/uploads\/2020\/11\/cour_jeux-768x576.jpg 768w, https:\/\/ecole-saintroch.com\/wp-content\/uploads\/2020\/11\/cour_jeux-705x529.jpg 705w, https:\/\/ecole-saintroch.com\/wp-content\/uploads\/2020\/11\/cour_jeux-450x338.jpg 450w\" sizes=\"(max-width: 960px) 100vw, 960px\" \/><\/figure><\/li><li class=\"blocks-gallery-item\"><figure><img loading=\"lazy\" width=\"960\" height=\"720\" src=\"http:\/\/ecole-saintroch.com\/wp-content\/uploads\/2020\/11\/cour.jpg\" alt=\"Ecole Saint Roch - Cour de r\u00e9cr\u00e9ation\" data-id=\"313\" data-full-url=\"http:\/\/ecole-saintroch.com\/wp-content\/uploads\/2020\/11\/cour.jpg\" data-link=\"http:\/\/ecole-saintroch.com\/cour\/\" class=\"wp-image-313\" srcset=\"https:\/\/ecole-saintroch.com\/wp-content\/uploads\/2020\/11\/cour.jpg 960w, https:\/\/ecole-saintroch.com\/wp-content\/uploads\/2020\/11\/cour-300x225.jpg 300w, https:\/\/ecole-saintroch.com\/wp-content\/uploads\/2020\/11\/cour-768x576.jpg 768w, https:\/\/ecole-saintroch.com\/wp-content\/uploads\/2020\/11\/cour-705x529.jpg 705w, https:\/\/ecole-saintroch.com\/wp-content\/uploads\/2020\/11\/cour-450x338.jpg 450w\" sizes=\"(max-width: 960px) 100vw, 960px\" \/><\/figure><\/li><\/ul><\/figure>\n\n\n\n<p class=\"has-text-align-left\">Pour aider les enfants \u00e0 s&rsquo;\u00e9panouir et \u00e0 apprendre tout en s&rsquo;amusant,&nbsp;une \u00e9quipe \u00e9ducative&nbsp;est&nbsp; mise en place avec le personnel, les enseignantes, les membres de la pastorale, et les intervenants.<\/p>\n\n\n\n<p class=\"has-text-align-left\">Les parents\u00a0restent premiers responsables et \u00e9ducateurs des enfants et font confiance \u00e0 l&rsquo;\u00e9quipe \u00e9ducative. Ils adh\u00e8rent au projet p\u00e9dagogique en acceptant l&rsquo;esprit et les exigences.<\/p>\n","protected":false},"excerpt":{"rendered":"<p>Situ\u00e9e en centre-ville du Havre, l&rsquo;\u00e9cole Saint Roch est un \u00e9tablissement catholique d\u2019enseignement pr\u00e9-\u00e9l\u00e9mentaire et primaire sous contrat avec l\u2019\u00e9tat. L\u2019\u00e9cole Saint Roch se compose de 5 classes maternelles et de 10 classes primaires (2 par niveau). Toutes les classes sont mixtes. L\u2019\u00e9cole se veut ouverte \u00e0 tous, sans distinction d\u2019origine, de ressources, d\u2019opinions et [&hellip;]<\/p>\n","protected":false},"author":1,"featured_media":0,"parent":0,"menu_order":0,"comment_status":"closed","ping_status":"closed","template":"","meta":[],"_links":{"self":[{"href":"https:\/\/ecole-saintroch.com\/index.php\/wp-json\/wp\/v2\/pages\/7"}],"collection":[{"href":"https:\/\/ecole-saintroch.com\/index.php\/wp-json\/wp\/v2\/pages"}],"about":[{"href":"https:\/\/ecole-saintroch.com\/index.php\/wp-json\/wp\/v2\/types\/page"}],"author":[{"embeddable":true,"href":"https:\/\/ecole-saintroch.com\/index.php\/wp-json\/wp\/v2\/users\/1"}],"replies":[{"embeddable":true,"href":"https:\/\/ecole-saintroch.com\/index.php\/wp-json\/wp\/v2\/comments?post=7"}],"version-history":[{"count":37,"href":"https:\/\/ecole-saintroch.com\/index.php\/wp-json\/wp\/v2\/pages\/7\/revisions"}],"predecessor-version":[{"id":382,"href":"https:\/\/ecole-saintroch.com\/index.php\/wp-json\/wp\/v2\/pages\/7\/revisions\/382"}],"wp:attachment":[{"href":"https:\/\/ecole-saintroch.com\/index.php\/wp-json\/wp\/v2\/media?parent=7"}],"curies":[{"name":"wp","href":"https:\/\/api.w.org\/{rel}","templated":true}]}}