{"id":57,"date":"2019-05-22T14:54:51","date_gmt":"2019-05-22T12:54:51","guid":{"rendered":"http:\/\/ecole-saintroch.com\/?page_id=57"},"modified":"2020-12-10T10:07:18","modified_gmt":"2020-12-10T09:07:18","slug":"ogec","status":"publish","type":"page","link":"https:\/\/ecole-saintroch.com\/index.php\/ogec\/","title":{"rendered":"OGEC"},"content":{"rendered":"\n<h1>OGEC<\/h1>\n\n\n\n<p>Le site internet de notre \u00e9cole est actuellement en cours de mise \u00e0 jour.<\/p>\n\n\n\n<p>Vous pourrez d\u00e9couvrir le contenu de cette page dans quelques semaines.<\/p>\n\n\n\n<p>En attendant, pour toute question, n\u2019h\u00e9sitez pas \u00e0 nous contacter :<br>Ecole primaire mixte Saint Roch&nbsp;\u2013 20 rue Louis Philippe \u2013 76600 Le Havre<br>T\u00e9l\u00e9phone : 02 35 42 56 36&nbsp;\u2013 &nbsp;<a href=\"mailto:ecolesaintroch@tiscali.fr\">ecolesaintroch@orange.fr<\/a><\/p>\n","protected":false},"excerpt":{"rendered":"<p>OGEC Le site internet de notre \u00e9cole est actuellement en cours de mise \u00e0 jour. Vous pourrez d\u00e9couvrir le contenu de cette page dans quelques semaines. En attendant, pour toute question, n\u2019h\u00e9sitez pas \u00e0 nous contacter :Ecole primaire mixte Saint Roch&nbsp;\u2013 20 rue Louis Philippe \u2013 76600 Le HavreT\u00e9l\u00e9phone : 02 35 42 56 36&nbsp;\u2013 [&hellip;]<\/p>\n","protected":false},"author":1,"featured_media":0,"parent":0,"menu_order":0,"comment_status":"closed","ping_status":"closed","template":"","meta":[],"_links":{"self":[{"href":"https:\/\/ecole-saintroch.com\/index.php\/wp-json\/wp\/v2\/pages\/57"}],"collection":[{"href":"https:\/\/ecole-saintroch.com\/index.php\/wp-json\/wp\/v2\/pages"}],"about":[{"href":"https:\/\/ecole-saintroch.com\/index.php\/wp-json\/wp\/v2\/types\/page"}],"author":[{"embeddable":true,"href":"https:\/\/ecole-saintroch.com\/index.php\/wp-json\/wp\/v2\/users\/1"}],"replies":[{"embeddable":true,"href":"https:\/\/ecole-saintroch.com\/index.php\/wp-json\/wp\/v2\/comments?post=57"}],"version-history":[{"count":2,"href":"https:\/\/ecole-saintroch.com\/index.php\/wp-json\/wp\/v2\/pages\/57\/revisions"}],"predecessor-version":[{"id":424,"href":"https:\/\/ecole-saintroch.com\/index.php\/wp-json\/wp\/v2\/pages\/57\/revisions\/424"}],"wp:attachment":[{"href":"https:\/\/ecole-saintroch.com\/index.php\/wp-json\/wp\/v2\/media?parent=57"}],"curies":[{"name":"wp","href":"https:\/\/api.w.org\/{rel}","templated":true}]}}